{"id":642,"date":"2019-01-26T22:01:06","date_gmt":"2019-01-26T22:01:06","guid":{"rendered":"http:\/\/opcina-kiseljak.org\/web\/?page_id=642"},"modified":"2023-12-11T15:51:11","modified_gmt":"2023-12-11T14:51:11","slug":"sluzbeni-glasnici-arhiva","status":"publish","type":"page","link":"https:\/\/www.opcina-kiseljak.org\/web\/opcinska-administracija\/sluzbeni-glasnici-arhiva\/","title":{"rendered":"Arhiva slu\u017ebenih glasnika"},"content":{"rendered":"<p>[et_pb_section fb_built=&#8221;1&#8243; fullwidth=&#8221;on&#8221; _builder_version=&#8221;4.16&#8243; global_colors_info=&#8221;{}&#8221;][et_pb_fullwidth_header title=&#8221;SLU\u017dBENI GLASNICI&#8221; subhead=&#8221;Arhiva slu\u017ebenih glasnika op\u0107ine Kiseljak&#8221; text_orientation=&#8221;center&#8221; header_fullscreen=&#8221;on&#8221; header_scroll_down=&#8221;on&#8221; _builder_version=&#8221;4.16&#8243; subhead_font_size=&#8221;22px&#8221; background_image=&#8221;http:\/\/opcina-kiseljak.org\/web\/wp-content\/uploads\/2019\/01\/Copy-of-Copy-of-Copy-of-Copy-of-Copy-of-template_opcina-4.png&#8221; global_colors_info=&#8221;{}&#8221;][\/et_pb_fullwidth_header][\/et_pb_section][et_pb_section fb_built=&#8221;1&#8243; _builder_version=&#8221;4.16&#8243; global_colors_info=&#8221;{}&#8221;][et_pb_row _builder_version=&#8221;4.16&#8243; background_size=&#8221;initial&#8221; background_position=&#8221;top_left&#8221; background_repeat=&#8221;repeat&#8221; global_colors_info=&#8221;{}&#8221;][et_pb_column type=&#8221;4_4&#8243; _builder_version=&#8221;4.16&#8243; custom_padding=&#8221;|||&#8221; global_colors_info=&#8221;{}&#8221; custom_padding__hover=&#8221;|||&#8221;][et_pb_text _builder_version=&#8221;4.20.2&#8243; custom_padding=&#8221;||1px|||&#8221; global_colors_info=&#8221;{}&#8221;]<\/p>\n<p><a href=\"https:\/\/www.opcina-kiseljak.org\/web\/?page_id=8064\">Glasnici za 2019 godinu.<\/a><\/p>\n<p>Glasnici za 2018 godinu: <a title=\"Slu\u017ebeni galsnik broj 1 za 2018 godinu\" href=\"https:\/\/www.opcina-kiseljak.org\/web\/wp-content\/uploads\/2023\/05\/1_18-1.pdf\">01\/18<\/a>\u00a0\u00a0<a title=\"Slu\u017ebeni glasnik broj 2 za 2018 godinu\" href=\"https:\/\/www.opcina-kiseljak.org\/web\/wp-content\/uploads\/2023\/05\/2_18.pdf\">02\/18<\/a>\u00a0\u00a0<a title=\"Slu\u017ebeni glasnik broj 3 za 2018 godinu\" href=\"https:\/\/www.opcina-kiseljak.org\/web\/wp-content\/uploads\/2023\/05\/3_18.pdf\">03\/18<\/a>\u00a0<a href=\"https:\/\/www.opcina-kiseljak.org\/web\/wp-content\/uploads\/2023\/05\/4_18.pdf\">\u00a004\/18\u00a0<\/a> <a title=\"Slu\u017ebeni glasnik broj 5 za 2018. godinu\" href=\"https:\/\/www.opcina-kiseljak.org\/web\/wp-content\/uploads\/2023\/05\/5_18.pdf\">05\/18<\/a>\u00a0 <a href=\"https:\/\/www.opcina-kiseljak.org\/web\/wp-content\/uploads\/2023\/05\/6_18.pdf\">06\/18\u00a0<\/a> <a href=\"https:\/\/www.opcina-kiseljak.org\/web\/wp-content\/uploads\/2023\/05\/7_18.pdf\">07\/18<\/a>\u00a0 <a href=\"https:\/\/www.opcina-kiseljak.org\/web\/wp-content\/uploads\/2023\/05\/8_18.pdf\">08\/18<\/a><\/p>\n<p>Glasnici za 2017 godinu: <a title=\"slu\u017ebeni glasnik broj 1 za 2017 godinu\" href=\"https:\/\/www.opcina-kiseljak.org\/web\/wp-content\/uploads\/2023\/05\/1_17.pdf\">01\/17<\/a>\u00a0\u00a0<a title=\"slu\u017ebeni glasnik broj 2 za 2017 godinu\" href=\"https:\/\/www.opcina-kiseljak.org\/web\/wp-content\/uploads\/2023\/05\/2_17.pdf\">02\/17<\/a>\u00a0\u00a0<a href=\"https:\/\/www.opcina-kiseljak.org\/web\/wp-content\/uploads\/2023\/05\/3_17.pdf\">03\/17<\/a>\u00a0\u00a0<a title=\"slu\u017ebeni glasnik broj 4 za 2017 godinu\" href=\"https:\/\/www.opcina-kiseljak.org\/web\/wp-content\/uploads\/2023\/05\/4_17.pdf\">04\/17<\/a>\u00a0\u00a0<a title=\"slu\u017ebeni glasnik broj 5 za 2017 godinu\" href=\"https:\/\/www.opcina-kiseljak.org\/web\/wp-content\/uploads\/2023\/05\/5_17.pdf\">05\/17<\/a>\u00a0\u00a0<a href=\"https:\/\/www.opcina-kiseljak.org\/web\/wp-content\/uploads\/2023\/05\/6_17.pdf\">06\/17\u00a0<\/a> \u00a0<a title=\"Slu\u017ebeni glasnik broj 7 za 2017 godinu\" href=\"https:\/\/www.opcina-kiseljak.org\/web\/wp-content\/uploads\/2023\/05\/7_17.pdf\">07\/17<\/a>\u00a0<a title=\"slu\u017ebeni glasnik broj 8 za 2017 godinu\" href=\"https:\/\/www.opcina-kiseljak.org\/web\/wp-content\/uploads\/2023\/05\/8_17.pdf\">08\/17<\/a>\u00a0<a title=\"Slu\u017ebeni glasnik broj 9 za 2017 godinu\" href=\"https:\/\/www.opcina-kiseljak.org\/web\/wp-content\/uploads\/2023\/05\/9_17.pdf\">09\/17<\/a><\/p>\n<p class=\"blubox-jck\">Glasnici za 2016 godinu: <a title=\"slu\u017ebeni glasnik broj 1 za 2016 godinu\" href=\"https:\/\/www.opcina-kiseljak.org\/web\/wp-content\/uploads\/2023\/05\/glasnik-1-16.pdf\">01\/16<\/a> \u00a0<a title=\"slu\u017ebeni glasnik broj 2 za 2016 godinu\" href=\"https:\/\/www.opcina-kiseljak.org\/web\/wp-content\/uploads\/2023\/05\/glasnik-2-16.pdf\">02\/16<\/a> \u00a0<a title=\"slu\u017ebeni glasnik broj 3 za 2016 godinu\" href=\"https:\/\/www.opcina-kiseljak.org\/web\/wp-content\/uploads\/2023\/05\/3_16.pdf\">03\/16<\/a> \u00a0<a title=\"slu\u017ebeni glasnik broj 4 za 2016 godinu\" href=\"https:\/\/www.opcina-kiseljak.org\/web\/wp-content\/uploads\/2023\/05\/Glasnik4.pdf\">04\/16<\/a> \u00a0<a title=\"slu\u017ebeni glasnik broj 5 za 2016 godinu\" href=\"https:\/\/www.opcina-kiseljak.org\/web\/wp-content\/uploads\/2023\/05\/gl5_16.pdf\">05\/16<\/a> <a href=\"https:\/\/www.opcina-kiseljak.org\/web\/wp-content\/uploads\/2023\/05\/Glasnik-6_2016.pdf\">\u00a006\/16<\/a>\u00a0 \u00a0<a title=\"slu\u017ebeni glasnik broj 7 za 2016 godinu\" href=\"https:\/\/www.opcina-kiseljak.org\/web\/wp-content\/uploads\/2023\/05\/7_16.pdf\">07\/16<\/a><\/p>\n<p>Glasnici za 2015 godinu:\u00a0<a href=\"https:\/\/www.opcina-kiseljak.org\/web\/wp-content\/uploads\/2023\/05\/1-15.pdf\">01\/15\u00a0<\/a>\u00a0<a title=\"slu\u017ebeni glasnik broj 2 za 2015 godinu\" href=\"https:\/\/www.opcina-kiseljak.org\/web\/wp-content\/uploads\/2023\/05\/GLASNIK-2-15.pdf\">02\/15<\/a>\u00a0\u00a0<a title=\"slu\u017ebeni glasnik broj 3 za 2015 godinu\" href=\"https:\/\/www.opcina-kiseljak.org\/web\/wp-content\/uploads\/2023\/05\/GLASNIK-3-15.pdf\">03\/15<\/a>\u00a0\u00a0<a href=\"https:\/\/www.opcina-kiseljak.org\/web\/wp-content\/uploads\/2023\/05\/GLASNIK-4-15.pdf\">04\/15\u00a0<\/a>\u00a0<a title=\"slu\u017ebeni glasnik broj 5 za 2015 godinu\" href=\"https:\/\/www.opcina-kiseljak.org\/web\/wp-content\/uploads\/2023\/05\/glasnik-05-15.pdf\">05\/15<\/a>\u00a0\u00a0<a title=\"slu\u017ebeni glasnik broj 6 za 2015 godinu\" href=\"https:\/\/www.opcina-kiseljak.org\/web\/wp-content\/uploads\/2023\/05\/GLASNIK-6-15.pdf\">06\/15<\/a>\u00a0\u00a0<a title=\"slu\u017ebeni glasnik broj 7 za 2015 godinu\" href=\"https:\/\/www.opcina-kiseljak.org\/web\/wp-content\/uploads\/2023\/05\/GLASNIK-7-15.pdf\">07\/15<\/a><\/p>\n<p>Glasnici za 2014 godinu:\u00a0<a title=\"slu\u017ebeni glasnik broj 1 za 2014 godinu\" href=\"https:\/\/www.opcina-kiseljak.org\/web\/wp-content\/uploads\/2023\/05\/1-14.pdf\">01\/14<\/a>\u00a0\u00a0<a href=\"https:\/\/www.opcina-kiseljak.org\/web\/wp-content\/uploads\/2023\/05\/2-14.pdf\">02\/14\u00a0<\/a>\u00a0<a title=\"slu\u017ebeni glasnik broj 3 za 2014 godinu\" href=\"https:\/\/www.opcina-kiseljak.org\/web\/wp-content\/uploads\/2023\/05\/3-14.pdf\">03\/14<\/a>\u00a0\u00a0<a href=\"https:\/\/www.opcina-kiseljak.org\/web\/wp-content\/uploads\/2023\/05\/4-14.pdf\">04\/14\u00a0<\/a>\u00a0<a title=\"slu\u017ebeni glasnik broj 5 za 2014 godinu\" href=\"https:\/\/www.opcina-kiseljak.org\/web\/wp-content\/uploads\/2023\/05\/5-14.pdf\">05\/14<\/a>\u00a0\u00a0<a href=\"https:\/\/www.opcina-kiseljak.org\/web\/wp-content\/uploads\/2023\/05\/6-14.pdf\">06\/14\u00a0<\/a>\u00a0<a title=\"slu\u017ebeni glasnik broj 7 za 2014 godinu\" href=\"https:\/\/www.opcina-kiseljak.org\/web\/wp-content\/uploads\/2023\/05\/7-14.pdf\">07\/14<\/a>\u00a0\u00a0<a title=\"slu\u017ebeni glasnik broj 8 za 2014 godinu\" href=\"https:\/\/www.opcina-kiseljak.org\/web\/wp-content\/uploads\/2023\/05\/8-14.pdf\">08\/14<\/a><\/p>\n<p>Glasnici za 2013 godinu:\u00a0<a title=\"slu\u017ebeni glasnik broj 1 za 2013 godinu\" href=\"https:\/\/www.opcina-kiseljak.org\/web\/wp-content\/uploads\/2023\/05\/1-13.pdf\">01\/13<\/a>\u00a0\u00a0<a title=\"slu\u017ebeni glasnik broj 2 za 2013 godinu\" href=\"https:\/\/www.opcina-kiseljak.org\/web\/wp-content\/uploads\/2023\/05\/2-13.pdf\">02\/13<\/a>\u00a0\u00a0<a title=\"slu\u017ebeni glasnik broj 3 za 2013 godinu\" href=\"https:\/\/www.opcina-kiseljak.org\/web\/wp-content\/uploads\/2023\/05\/3-13.pdf\">03\/13<\/a>\u00a0\u00a0<a title=\"slu\u017ebeni glasnik broj 4 za 2013 godinu\" href=\"https:\/\/www.opcina-kiseljak.org\/web\/wp-content\/uploads\/2023\/05\/4-13.pdf\">04\/13<\/a><\/p>\n<p>Glasnici za 2012 godinu:\u00a0<a title=\"slu\u017ebeni glasnik broj 2 za 2012 godinu\" href=\"https:\/\/www.opcina-kiseljak.org\/web\/wp-content\/uploads\/2023\/05\/2-12.pdf\">02\/12<\/a>\u00a0\u00a0<a title=\"slu\u017ebeni glasnik broj 3 za 2012 godinu\" href=\"https:\/\/www.opcina-kiseljak.org\/web\/wp-content\/uploads\/2023\/05\/3-12.pdf\">03\/12<\/a>\u00a0\u00a0<a title=\"slu\u017ebeni glasnik broj 4 za 2012 godinu\" href=\"https:\/\/www.opcina-kiseljak.org\/web\/wp-content\/uploads\/2023\/05\/4-12.pdf\">04\/12<\/a>\u00a0\u00a0<a title=\"slu\u017ebeni glasnik broj 5 za 2012 godinu\" href=\"https:\/\/www.opcina-kiseljak.org\/web\/wp-content\/uploads\/2023\/05\/5-12.pdf\">05\/12<\/a>\u00a0\u00a0<a title=\"slu\u017ebeni glasnik broj 6 za 2012 godinu\" href=\"https:\/\/www.opcina-kiseljak.org\/web\/wp-content\/uploads\/2023\/05\/6-12.pdf\">06\/12<\/a><\/p>\n<p>Glasnici za 2011 godinu:\u00a0<a title=\"slu\u017ebeni glasnik broj 1 za 2011 godinu\" href=\"https:\/\/www.opcina-kiseljak.org\/web\/wp-content\/uploads\/2023\/05\/1_11.pdf\">01\/11<\/a>\u00a0\u00a0<a href=\"https:\/\/www.opcina-kiseljak.org\/web\/wp-content\/uploads\/2023\/05\/3_11.pdf\">03\/11\u00a0<\/a>\u00a0<a title=\"slu\u017ebeni glasnik broj 4 za 2011 godinu\" href=\"https:\/\/www.opcina-kiseljak.org\/web\/wp-content\/uploads\/2023\/05\/4_11.pdf\">04\/11<\/a>\u00a0\u00a0<a title=\"slu\u017ebeni glasnik broj 5 za 2011 godinu\" href=\"https:\/\/www.opcina-kiseljak.org\/web\/wp-content\/uploads\/2023\/05\/5_11.pdf\">05\/11<\/a>\u00a0\u00a0<a title=\"slu\u017ebeni glasnik broj 6 za 2011 godinu\" href=\"https:\/\/www.opcina-kiseljak.org\/web\/wp-content\/uploads\/2023\/05\/6_11.pdf\">06\/11<\/a>\u00a0\u00a0<a title=\"slu\u017ebeni glasnik broj 7 za 2011 godinu\" href=\"https:\/\/www.opcina-kiseljak.org\/web\/wp-content\/uploads\/2023\/05\/7_11.pdf\">07\/11 <\/a><a href=\"https:\/\/www.opcina-kiseljak.org\/web\/wp-content\/uploads\/2023\/12\/SL-GLASNIK-br.-8.doc\">08\/11<\/a><\/p>\n<p>Glasnici za 2010 godinu:\u00a0<a title=\"slu\u017ebeni glasnik broj 1 za 2010 godinu\" href=\"https:\/\/www.opcina-kiseljak.org\/web\/wp-content\/uploads\/2023\/05\/br1_2010.pdf\">01\/10<\/a>\u00a0<a href=\"https:\/\/www.opcina-kiseljak.org\/web\/wp-content\/uploads\/2023\/05\/br2_2010.pdf\">\u00a002\/10\u00a0<\/a>\u00a0<a title=\"slu\u017ebeni glasnik broj 3 za 2010 godinu\" href=\"https:\/\/www.opcina-kiseljak.org\/web\/wp-content\/uploads\/2023\/05\/br3_2010.pdf\">03\/10<\/a>\u00a0\u00a0<a title=\"slu\u017ebeni glasnik broj 4 za 2010 godinu\" href=\"https:\/\/www.opcina-kiseljak.org\/web\/wp-content\/uploads\/2023\/05\/br4_2010.pdf\">04\/10<\/a>\u00a0\u00a0<a title=\"slu\u017ebeni glasnik broj 5 za 2010 godinu\" href=\"https:\/\/www.opcina-kiseljak.org\/web\/wp-content\/uploads\/2023\/05\/br5_2010.pdf\">05\/10<\/a><\/p>\n<p>Glasnici za 2009 godinu:\u00a0<a title=\"slu\u017ebeni glasnik broj 1 za 2009 godinu\" href=\"https:\/\/www.opcina-kiseljak.org\/web\/wp-content\/uploads\/2023\/02\/br1_2009.pdf\">01\/09<\/a>\u00a0<a href=\"https:\/\/www.opcina-kiseljak.org\/web\/wp-content\/uploads\/2023\/02\/br2_2009.pdf\">\u00a002\/09<\/a>\u00a0\u00a0<a title=\"slu\u017ebeni glasnik broj 3 za 2009 godinu\" href=\"https:\/\/www.opcina-kiseljak.org\/web\/wp-content\/uploads\/2023\/04\/br4_2009.pdf\">03\/09<\/a>\u00a0\u00a0<a href=\"https:\/\/www.opcina-kiseljak.org\/web\/wp-content\/uploads\/2023\/04\/br4_2009.pdf\">04\/09\u00a0\u00a0<\/a><a title=\"slu\u017ebeni glasnik broj 5 za 2009 godinu\" href=\"https:\/\/www.opcina-kiseljak.org\/web\/wp-content\/uploads\/2023\/04\/br5_2009.pdf\">05\/09<\/a>\u00a0\u00a0<a title=\"slu\u017ebeni glasnik broj 6 za 2009 godinu\" href=\"https:\/\/www.opcina-kiseljak.org\/web\/wp-content\/uploads\/2023\/04\/br6_2009.pdf\">06\/09<\/a><\/p>\n<p>Glasnici za 2008 godinu:\u00a0<a title=\"slu\u017ebeni glasnik broj 4 za 2008 godinu\" href=\"https:\/\/www.opcina-kiseljak.org\/web\/wp-content\/uploads\/2023\/02\/br4_2008.pdf\">04\/08<\/a><\/p>\n<p>Glasnici za 2004 godinu:\u00a0<a title=\"slu\u017ebeni glasnik broj 3 za 2004 godinu\" href=\"https:\/\/www.opcina-kiseljak.org\/web\/wp-content\/uploads\/2023\/02\/br.3_2004.pdf\">03\/04<\/a><\/p>\n<p>[\/et_pb_text][\/et_pb_column][\/et_pb_row][\/et_pb_section][et_pb_section fb_built=&#8221;1&#8243; _builder_version=&#8221;4.16&#8243; background_image=&#8221;http:\/\/opcina-kiseljak.org\/web\/wp-content\/uploads\/2019\/01\/Copy-of-Copy-of-Copy-of-template_opcina-4.png&#8221; global_colors_info=&#8221;{}&#8221;][et_pb_row column_structure=&#8221;1_3,1_3,1_3&#8243; _builder_version=&#8221;4.16&#8243; global_colors_info=&#8221;{}&#8221;][et_pb_column type=&#8221;1_3&#8243; _builder_version=&#8221;4.16&#8243; custom_padding=&#8221;|||&#8221; global_colors_info=&#8221;{}&#8221; custom_padding__hover=&#8221;|||&#8221;][et_pb_text _builder_version=&#8221;4.16&#8243; text_orientation=&#8221;center&#8221; background_layout=&#8221;dark&#8221; text_text_shadow_style=&#8221;preset5&#8243; header_text_shadow_style=&#8221;preset1&#8243; global_colors_info=&#8221;{}&#8221;]<\/p>\n<p style=\"text-align: center;\"><strong>Op\u0107ina Kiseljak<\/strong><\/p>\n<p style=\"text-align: center;\"><strong>Bana Josipa Jela\u010di\u0107a 41,<\/strong><\/p>\n<p style=\"text-align: center;\"><strong>71250 Kiseljak,<\/strong><\/p>\n<p style=\"text-align: center;\"><strong>SBK\/KSB,\u00a0Bosna i Hercegovina<\/strong><\/p>\n<p style=\"text-align: center;\"><strong>e-mail: opc.kiseljak@tel.net.ba<\/strong><\/p>\n<p>[\/et_pb_text][\/et_pb_column][et_pb_column type=&#8221;1_3&#8243; _builder_version=&#8221;4.16&#8243; custom_padding=&#8221;|||&#8221; global_colors_info=&#8221;{}&#8221; custom_padding__hover=&#8221;|||&#8221;][et_pb_image src=&#8221;https:\/\/www.opcina-kiseljak.org\/web\/wp-content\/uploads\/2019\/01\/Grb_png-764&#215;1024.png&#8221; title_text=&#8221;Grb_png-764&#215;1024&#8243; align=&#8221;center&#8221; align_tablet=&#8221;center&#8221; align_phone=&#8221;&#8221; align_last_edited=&#8221;on|desktop&#8221; _builder_version=&#8221;4.19.0&#8243; max_width=&#8221;45%&#8221; module_alignment=&#8221;center&#8221; custom_margin=&#8221;25px||25px|&#8221; mix_blend_mode=&#8221;soft-light&#8221; global_colors_info=&#8221;{}&#8221;]<br \/>\n[\/et_pb_image][\/et_pb_column][et_pb_column type=&#8221;1_3&#8243; _builder_version=&#8221;4.16&#8243; custom_padding=&#8221;|||&#8221; global_colors_info=&#8221;{}&#8221; custom_padding__hover=&#8221;|||&#8221;][et_pb_text _builder_version=&#8221;4.16&#8243; text_orientation=&#8221;center&#8221; background_layout=&#8221;dark&#8221; global_colors_info=&#8221;{}&#8221;]<\/p>\n<p style=\"text-align: center;\"><strong>Kontakt telefoni:<\/strong><\/p>\n<p style=\"text-align: center;\"><strong>+387 30 877 824,<\/strong><\/p>\n<p style=\"text-align: center;\"><strong>+387 30 877 800,<\/strong><\/p>\n<p style=\"text-align: center;\"><strong>Fax:<\/strong><\/p>\n<p style=\"text-align: center;\"><strong>+387 30 879 077<\/strong><\/p>\n<p>[\/et_pb_text][\/et_pb_column][\/et_pb_row][\/et_pb_section]<\/p>\n","protected":false},"excerpt":{"rendered":"<p>Glasnici za 2019 godinu. Glasnici za 2018 godinu: 01\/18\u00a0\u00a002\/18\u00a0\u00a003\/18\u00a0\u00a004\/18\u00a0 05\/18\u00a0 06\/18\u00a0 07\/18\u00a0 08\/18 Glasnici za 2017 godinu: 01\/17\u00a0\u00a002\/17\u00a0\u00a003\/17\u00a0\u00a004\/17\u00a0\u00a005\/17\u00a0\u00a006\/17\u00a0 \u00a007\/17\u00a008\/17\u00a009\/17 Glasnici za 2016 godinu: 01\/16 \u00a002\/16 \u00a003\/16 \u00a004\/16 \u00a005\/16 \u00a006\/16\u00a0 \u00a007\/16 Glasnici za 2015 godinu:\u00a001\/15\u00a0\u00a002\/15\u00a0\u00a003\/15\u00a0\u00a004\/15\u00a0\u00a005\/15\u00a0\u00a006\/15\u00a0\u00a007\/15 Glasnici za 2014 godinu:\u00a001\/14\u00a0\u00a002\/14\u00a0\u00a003\/14\u00a0\u00a004\/14\u00a0\u00a005\/14\u00a0\u00a006\/14\u00a0\u00a007\/14\u00a0\u00a008\/14 Glasnici za 2013 godinu:\u00a001\/13\u00a0\u00a002\/13\u00a0\u00a003\/13\u00a0\u00a004\/13 Glasnici za 2012 godinu:\u00a002\/12\u00a0\u00a003\/12\u00a0\u00a004\/12\u00a0\u00a005\/12\u00a0\u00a006\/12 Glasnici za 2011 godinu:\u00a001\/11\u00a0\u00a003\/11\u00a0\u00a004\/11\u00a0\u00a005\/11\u00a0\u00a006\/11\u00a0\u00a007\/11 08\/11 Glasnici za 2010 godinu:\u00a001\/10\u00a0\u00a002\/10\u00a0\u00a003\/10\u00a0\u00a004\/10\u00a0\u00a005\/10 [&hellip;]<\/p>\n","protected":false},"author":12,"featured_media":0,"parent":536,"menu_order":0,"comment_status":"closed","ping_status":"closed","template":"","meta":{"_et_pb_use_builder":"on","_et_pb_old_content":"","_et_gb_content_width":"","footnotes":""},"class_list":["post-642","page","type-page","status-publish","hentry"],"_links":{"self":[{"href":"https:\/\/www.opcina-kiseljak.org\/web\/wp-json\/wp\/v2\/pages\/642","targetHints":{"allow":["GET"]}}],"collection":[{"href":"https:\/\/www.opcina-kiseljak.org\/web\/wp-json\/wp\/v2\/pages"}],"about":[{"href":"https:\/\/www.opcina-kiseljak.org\/web\/wp-json\/wp\/v2\/types\/page"}],"author":[{"embeddable":true,"href":"https:\/\/www.opcina-kiseljak.org\/web\/wp-json\/wp\/v2\/users\/12"}],"replies":[{"embeddable":true,"href":"https:\/\/www.opcina-kiseljak.org\/web\/wp-json\/wp\/v2\/comments?post=642"}],"version-history":[{"count":0,"href":"https:\/\/www.opcina-kiseljak.org\/web\/wp-json\/wp\/v2\/pages\/642\/revisions"}],"up":[{"embeddable":true,"href":"https:\/\/www.opcina-kiseljak.org\/web\/wp-json\/wp\/v2\/pages\/536"}],"wp:attachment":[{"href":"https:\/\/www.opcina-kiseljak.org\/web\/wp-json\/wp\/v2\/media?parent=642"}],"curies":[{"name":"wp","href":"https:\/\/api.w.org\/{rel}","templated":true}]}}