{"id":954,"date":"2019-02-06T17:00:01","date_gmt":"2019-02-06T16:00:01","guid":{"rendered":"http:\/\/www.opcina-kiseljak.org\/web\/?page_id=954"},"modified":"2023-04-20T12:04:29","modified_gmt":"2023-04-20T11:04:29","slug":"javne-nabave","status":"publish","type":"page","link":"https:\/\/www.opcina-kiseljak.org\/web\/opcinska-administracija\/javne-nabave\/","title":{"rendered":"Javne nabave"},"content":{"rendered":"<p>[et_pb_section fb_built=&#8221;1&#8243; fullwidth=&#8221;on&#8221; _builder_version=&#8221;4.16&#8243; global_colors_info=&#8221;{}&#8221;][et_pb_fullwidth_header title=&#8221;JAVNE NABAVE&#8221; subhead=&#8221;Javne nabave op\u0107ine Kiseljak&#8221; text_orientation=&#8221;center&#8221; header_fullscreen=&#8221;on&#8221; header_scroll_down=&#8221;on&#8221; _builder_version=&#8221;4.16&#8243; subhead_font=&#8221;||||||||&#8221; subhead_font_size=&#8221;22px&#8221; background_image=&#8221;https:\/\/www.opcina-kiseljak.org\/web\/wp-content\/uploads\/2019\/01\/Copy-of-Copy-of-Copy-of-template_opcina-4.png&#8221; global_colors_info=&#8221;{}&#8221;][\/et_pb_fullwidth_header][\/et_pb_section][et_pb_section fb_built=&#8221;1&#8243; _builder_version=&#8221;4.16&#8243; global_colors_info=&#8221;{}&#8221;][et_pb_row _builder_version=&#8221;4.16&#8243; global_colors_info=&#8221;{}&#8221;][et_pb_column type=&#8221;4_4&#8243; _builder_version=&#8221;4.16&#8243; custom_padding=&#8221;|||&#8221; global_colors_info=&#8221;{}&#8221; custom_padding__hover=&#8221;|||&#8221;][et_pb_blog fullwidth=&#8221;off&#8221; posts_number=&#8221;15&#8243; include_categories=&#8221;24&#8243; use_manual_excerpt=&#8221;off&#8221; excerpt_length=&#8221;0&#8243; show_author=&#8221;off&#8221; show_categories=&#8221;off&#8221; _builder_version=&#8221;4.20.4&#8243; hover_enabled=&#8221;0&#8243; global_colors_info=&#8221;{}&#8221; sticky_enabled=&#8221;0&#8243;][\/et_pb_blog][\/et_pb_column][\/et_pb_row][\/et_pb_section][et_pb_section fb_built=&#8221;1&#8243; _builder_version=&#8221;4.16&#8243; background_image=&#8221;https:\/\/www.opcina-kiseljak.org\/web\/wp-content\/uploads\/2019\/02\/footer1-2.png&#8221; mix_blend_mode=&#8221;darken&#8221; global_colors_info=&#8221;{}&#8221;][et_pb_row column_structure=&#8221;1_3,1_3,1_3&#8243; _builder_version=&#8221;4.16&#8243; global_colors_info=&#8221;{}&#8221;][et_pb_column type=&#8221;1_3&#8243; _builder_version=&#8221;4.16&#8243; custom_padding=&#8221;|||&#8221; global_colors_info=&#8221;{}&#8221; custom_padding__hover=&#8221;|||&#8221;][et_pb_text _builder_version=&#8221;4.16&#8243; text_orientation=&#8221;center&#8221; background_layout=&#8221;dark&#8221; text_text_shadow_style=&#8221;preset5&#8243; header_text_shadow_style=&#8221;preset1&#8243; global_colors_info=&#8221;{}&#8221;]<\/p>\n<p style=\"text-align: center;\"><strong>Op\u0107ina Kiseljak<\/strong><\/p>\n<p style=\"text-align: center;\"><strong>Bana Josipa Jela\u010di\u0107a 41,<\/strong><\/p>\n<p style=\"text-align: center;\"><strong>71250 Kiseljak,<\/strong><\/p>\n<p style=\"text-align: center;\"><strong>SBK\/KSB,\u00a0Bosna i Hercegovina<\/strong><\/p>\n<p style=\"text-align: center;\"><strong>e-mail: opc.kiseljak@tel.net.ba<\/strong><\/p>\n<p>[\/et_pb_text][\/et_pb_column][et_pb_column type=&#8221;1_3&#8243; _builder_version=&#8221;4.16&#8243; custom_padding=&#8221;|||&#8221; global_colors_info=&#8221;{}&#8221; custom_padding__hover=&#8221;|||&#8221;][et_pb_image src=&#8221;https:\/\/www.opcina-kiseljak.org\/web\/wp-content\/uploads\/2018\/10\/Grb_png.png&#8221; align=&#8221;center&#8221; align_tablet=&#8221;center&#8221; align_phone=&#8221;center&#8221; align_last_edited=&#8221;on|desktop&#8221; _builder_version=&#8221;4.16&#8243; max_width=&#8221;45%&#8221; module_alignment=&#8221;center&#8221; custom_margin=&#8221;25px||25px|&#8221; mix_blend_mode=&#8221;soft-light&#8221; global_colors_info=&#8221;{}&#8221;][\/et_pb_image][\/et_pb_column][et_pb_column type=&#8221;1_3&#8243; _builder_version=&#8221;4.16&#8243; custom_padding=&#8221;|||&#8221; global_colors_info=&#8221;{}&#8221; custom_padding__hover=&#8221;|||&#8221;][et_pb_text _builder_version=&#8221;4.16&#8243; text_orientation=&#8221;center&#8221; background_layout=&#8221;dark&#8221; global_colors_info=&#8221;{}&#8221;]<\/p>\n<p style=\"text-align: center;\"><strong>Kontakt telefoni:<\/strong><\/p>\n<p style=\"text-align: center;\"><strong>+387 30 877 824,<\/strong><\/p>\n<p style=\"text-align: center;\"><strong>+387 30 877 800,<\/strong><\/p>\n<p style=\"text-align: center;\"><strong>Fax:<\/strong><\/p>\n<p style=\"text-align: center;\"><strong>+387 30 879 077<\/strong><\/p>\n<p>[\/et_pb_text][\/et_pb_column][\/et_pb_row][\/et_pb_section]<\/p>\n","protected":false},"excerpt":{"rendered":"<p>Op\u0107ina Kiseljak Bana Josipa Jela\u010di\u0107a 41, 71250 Kiseljak, SBK\/KSB,\u00a0Bosna i Hercegovina e-mail: opc.kiseljak@tel.net.ba Kontakt telefoni: +387 30 877 824, +387 30 877 800, Fax: +387 30 879 077<\/p>\n","protected":false},"author":12,"featured_media":0,"parent":536,"menu_order":0,"comment_status":"closed","ping_status":"closed","template":"","meta":{"_et_pb_use_builder":"on","_et_pb_old_content":"","_et_gb_content_width":"","footnotes":""},"class_list":["post-954","page","type-page","status-publish","hentry"],"_links":{"self":[{"href":"https:\/\/www.opcina-kiseljak.org\/web\/wp-json\/wp\/v2\/pages\/954","targetHints":{"allow":["GET"]}}],"collection":[{"href":"https:\/\/www.opcina-kiseljak.org\/web\/wp-json\/wp\/v2\/pages"}],"about":[{"href":"https:\/\/www.opcina-kiseljak.org\/web\/wp-json\/wp\/v2\/types\/page"}],"author":[{"embeddable":true,"href":"https:\/\/www.opcina-kiseljak.org\/web\/wp-json\/wp\/v2\/users\/12"}],"replies":[{"embeddable":true,"href":"https:\/\/www.opcina-kiseljak.org\/web\/wp-json\/wp\/v2\/comments?post=954"}],"version-history":[{"count":0,"href":"https:\/\/www.opcina-kiseljak.org\/web\/wp-json\/wp\/v2\/pages\/954\/revisions"}],"up":[{"embeddable":true,"href":"https:\/\/www.opcina-kiseljak.org\/web\/wp-json\/wp\/v2\/pages\/536"}],"wp:attachment":[{"href":"https:\/\/www.opcina-kiseljak.org\/web\/wp-json\/wp\/v2\/media?parent=954"}],"curies":[{"name":"wp","href":"https:\/\/api.w.org\/{rel}","templated":true}]}}